{"id":46,"date":"2023-04-19T02:28:45","date_gmt":"2023-04-19T02:28:45","guid":{"rendered":"https:\/\/demoapus1.com\/jobtex\/?page_id=46"},"modified":"2024-01-20T22:12:03","modified_gmt":"2024-01-20T22:12:03","slug":"faqs","status":"publish","type":"page","link":"https:\/\/punojashte.com\/en\/faqs\/","title":{"rendered":"FAQs"},"content":{"rendered":"<div data-elementor-type=\"wp-page\" data-elementor-id=\"46\" class=\"elementor elementor-46\" data-elementor-post-type=\"page\">\n\t\t\t\t\t\t<section class=\"elementor-section elementor-top-section elementor-element elementor-element-d369ff4 elementor-section-stretched elementor-section-boxed elementor-section-height-default elementor-section-height-default\" data-id=\"d369ff4\" data-element_type=\"section\" data-settings=\"{&quot;stretch_section&quot;:&quot;section-stretched&quot;}\">\n\t\t\t\t\t\t<div class=\"elementor-container elementor-column-gap-extended\">\n\t\t\t\t\t<div class=\"elementor-column elementor-col-100 elementor-top-column elementor-element elementor-element-5a74600 elementor-invisible\" data-id=\"5a74600\" data-element_type=\"column\" data-settings=\"{&quot;animation&quot;:&quot;slide-up&quot;}\">\n\t\t\t<div class=\"elementor-widget-wrap elementor-element-populated\">\n\t\t\t\t\t\t<div class=\"elementor-element elementor-element-a289d08 elementor-widget elementor-widget-heading\" data-id=\"a289d08\" data-element_type=\"widget\" data-widget_type=\"heading.default\">\n\t\t\t\t<div class=\"elementor-widget-container\">\n\t\t\t\t\t<h2 class=\"elementor-heading-title elementor-size-default\">FAQ<\/h2>\t\t\t\t<\/div>\n\t\t\t\t<\/div>\n\t\t\t\t<div class=\"elementor-element elementor-element-d677899 elementor-widget elementor-widget-text-editor\" data-id=\"d677899\" data-element_type=\"widget\" data-widget_type=\"text-editor.default\">\n\t\t\t\t<div class=\"elementor-widget-container\">\n\t\t\t\t\t\t\t\t\t<div class=\"faqs-desc\">We&#039;ve noticed that there are some common questions that you often ask. To facilitate your experience and provide you with a thorough explanation, we have decided to answer on this page some of the most frequently asked questions we receive from our customers.<\/div>\t\t\t\t\t\t\t\t<\/div>\n\t\t\t\t<\/div>\n\t\t\t\t\t<\/div>\n\t\t<\/div>\n\t\t\t\t\t<\/div>\n\t\t<\/section>\n\t\t\t\t<section class=\"elementor-section elementor-top-section elementor-element elementor-element-73a725f elementor-section-stretched elementor-section-boxed elementor-section-height-default elementor-section-height-default\" data-id=\"73a725f\" data-element_type=\"section\" data-settings=\"{&quot;stretch_section&quot;:&quot;section-stretched&quot;}\">\n\t\t\t\t\t\t<div class=\"elementor-container elementor-column-gap-extended\">\n\t\t\t\t\t<div class=\"elementor-column elementor-col-100 elementor-top-column elementor-element elementor-element-a069f45 elementor-invisible\" data-id=\"a069f45\" data-element_type=\"column\" data-settings=\"{&quot;animation&quot;:&quot;slide-up&quot;}\">\n\t\t\t<div class=\"elementor-widget-wrap elementor-element-populated\">\n\t\t\t\t\t\t<div class=\"elementor-element elementor-element-fa7327a elementor-widget elementor-widget-accordion\" data-id=\"fa7327a\" data-element_type=\"widget\" data-widget_type=\"accordion.default\">\n\t\t\t\t<div class=\"elementor-widget-container\">\n\t\t\t\t\t\t\t<div class=\"elementor-accordion\">\n\t\t\t\t\t\t\t<div class=\"elementor-accordion-item\">\n\t\t\t\t\t<div id=\"elementor-tab-title-2621\" class=\"elementor-tab-title\" data-tab=\"1\" role=\"button\" aria-controls=\"elementor-tab-content-2621\" aria-expanded=\"false\">\n\t\t\t\t\t\t\t\t\t\t\t\t\t<span class=\"elementor-accordion-icon elementor-accordion-icon-right\" aria-hidden=\"true\">\n\t\t\t\t\t\t\t\t\t\t\t\t\t\t\t<span class=\"elementor-accordion-icon-closed\"><svg xmlns=\"http:\/\/www.w3.org\/2000\/svg\" width=\"23\" height=\"24\" viewbox=\"0 0 23 24\" fill=\"none\"><path d=\"M10.3887 21.9969C10.395 22.2874 10.5148 22.5638 10.7225 22.767C10.9302 22.9702 11.2093 23.084 11.4998 23.084C11.7903 23.084 12.0693 22.9702 12.2769 22.767C12.4846 22.5638 12.6046 22.2874 12.6109 21.9969L12.6109 2.00128C12.6046 1.71081 12.4846 1.43438 12.2769 1.2312C12.0693 1.02801 11.7903 0.914238 11.4998 0.914238C11.2093 0.914238 10.9302 1.02801 10.7225 1.2312C10.5148 1.43438 10.395 1.71081 10.3887 2.00128L10.3887 21.9969Z\" fill=\"#121212\"><\/path><path d=\"M1.5011 10.8887C1.21063 10.895 0.9342 11.0148 0.731019 11.2225C0.527838 11.4302 0.414062 11.7093 0.414062 11.9998C0.414062 12.2903 0.527838 12.5693 0.731019 12.7769C0.9342 12.9846 1.21063 13.1046 1.5011 13.1109H21.4968C21.7872 13.1046 22.0637 12.9846 22.2669 12.7769C22.47 12.5693 22.5838 12.2903 22.5838 11.9998C22.5838 11.7093 22.47 11.4302 22.2669 11.2225C22.0637 11.0148 21.7872 10.895 21.4968 10.8887H1.5011Z\" fill=\"#121212\"><\/path><\/svg><\/span>\n\t\t\t\t\t\t\t\t<span class=\"elementor-accordion-icon-opened\"><svg xmlns=\"http:\/\/www.w3.org\/2000\/svg\" width=\"23\" height=\"4\" viewbox=\"0 0 23 4\" fill=\"none\"><path d=\"M1.5011 0.888672C1.21063 0.895036 0.9342 1.01484 0.731019 1.22252C0.527838 1.4302 0.414062 1.70926 0.414062 1.9998C0.414062 2.29034 0.527838 2.56927 0.731019 2.77695C0.9342 2.98463 1.21063 3.10456 1.5011 3.11093H21.4968C21.7872 3.10456 22.0637 2.98463 22.2669 2.77695C22.47 2.56927 22.5838 2.29034 22.5838 1.9998C22.5838 1.70926 22.47 1.4302 22.2669 1.22252C22.0637 1.01484 21.7872 0.895036 21.4968 0.888672H1.5011Z\" fill=\"#121212\"><\/path><\/svg><\/span>\n\t\t\t\t\t\t\t\t\t\t\t\t\t\t<\/span>\n\t\t\t\t\t\t\t\t\t\t\t\t<a class=\"elementor-accordion-title\" tabindex=\"0\">How can I apply for a job through your agency?<\/a>\n\t\t\t\t\t<\/div>\n\t\t\t\t\t<div id=\"elementor-tab-content-2621\" class=\"elementor-tab-content elementor-clearfix\" data-tab=\"1\" role=\"region\" aria-labelledby=\"elementor-tab-title-2621\"><p>Applying for a job is simple. You can browse vacancies on our platform and apply directly.<\/p><\/div>\n\t\t\t\t<\/div>\n\t\t\t\t\t\t\t<div class=\"elementor-accordion-item\">\n\t\t\t\t\t<div id=\"elementor-tab-title-2622\" class=\"elementor-tab-title\" data-tab=\"2\" role=\"button\" aria-controls=\"elementor-tab-content-2622\" aria-expanded=\"false\">\n\t\t\t\t\t\t\t\t\t\t\t\t\t<span class=\"elementor-accordion-icon elementor-accordion-icon-right\" aria-hidden=\"true\">\n\t\t\t\t\t\t\t\t\t\t\t\t\t\t\t<span class=\"elementor-accordion-icon-closed\"><svg xmlns=\"http:\/\/www.w3.org\/2000\/svg\" width=\"23\" height=\"24\" viewbox=\"0 0 23 24\" fill=\"none\"><path d=\"M10.3887 21.9969C10.395 22.2874 10.5148 22.5638 10.7225 22.767C10.9302 22.9702 11.2093 23.084 11.4998 23.084C11.7903 23.084 12.0693 22.9702 12.2769 22.767C12.4846 22.5638 12.6046 22.2874 12.6109 21.9969L12.6109 2.00128C12.6046 1.71081 12.4846 1.43438 12.2769 1.2312C12.0693 1.02801 11.7903 0.914238 11.4998 0.914238C11.2093 0.914238 10.9302 1.02801 10.7225 1.2312C10.5148 1.43438 10.395 1.71081 10.3887 2.00128L10.3887 21.9969Z\" fill=\"#121212\"><\/path><path d=\"M1.5011 10.8887C1.21063 10.895 0.9342 11.0148 0.731019 11.2225C0.527838 11.4302 0.414062 11.7093 0.414062 11.9998C0.414062 12.2903 0.527838 12.5693 0.731019 12.7769C0.9342 12.9846 1.21063 13.1046 1.5011 13.1109H21.4968C21.7872 13.1046 22.0637 12.9846 22.2669 12.7769C22.47 12.5693 22.5838 12.2903 22.5838 11.9998C22.5838 11.7093 22.47 11.4302 22.2669 11.2225C22.0637 11.0148 21.7872 10.895 21.4968 10.8887H1.5011Z\" fill=\"#121212\"><\/path><\/svg><\/span>\n\t\t\t\t\t\t\t\t<span class=\"elementor-accordion-icon-opened\"><svg xmlns=\"http:\/\/www.w3.org\/2000\/svg\" width=\"23\" height=\"4\" viewbox=\"0 0 23 4\" fill=\"none\"><path d=\"M1.5011 0.888672C1.21063 0.895036 0.9342 1.01484 0.731019 1.22252C0.527838 1.4302 0.414062 1.70926 0.414062 1.9998C0.414062 2.29034 0.527838 2.56927 0.731019 2.77695C0.9342 2.98463 1.21063 3.10456 1.5011 3.11093H21.4968C21.7872 3.10456 22.0637 2.98463 22.2669 2.77695C22.47 2.56927 22.5838 2.29034 22.5838 1.9998C22.5838 1.70926 22.47 1.4302 22.2669 1.22252C22.0637 1.01484 21.7872 0.895036 21.4968 0.888672H1.5011Z\" fill=\"#121212\"><\/path><\/svg><\/span>\n\t\t\t\t\t\t\t\t\t\t\t\t\t\t<\/span>\n\t\t\t\t\t\t\t\t\t\t\t\t<a class=\"elementor-accordion-title\" tabindex=\"0\">Are there any costs for applying for a job through your agency?<\/a>\n\t\t\t\t\t<\/div>\n\t\t\t\t\t<div id=\"elementor-tab-content-2622\" class=\"elementor-tab-content elementor-clearfix\" data-tab=\"2\" role=\"region\" aria-labelledby=\"elementor-tab-title-2622\"><p>Jo, aplikimi p\u00ebr nj\u00eb vend pune p\u00ebrmes agjenss\u00eb son\u00eb \u00ebsht\u00eb falas p\u00ebr pun\u00ebk\u00ebrkuesit. Ne punojm\u00eb p\u00ebr t\u00eb gjetur mund\u00ebsit\u00eb m\u00eb t\u00eb p\u00ebrshtatshme p\u00ebr ju.<\/p><\/div>\n\t\t\t\t<\/div>\n\t\t\t\t\t\t\t<div class=\"elementor-accordion-item\">\n\t\t\t\t\t<div id=\"elementor-tab-title-2623\" class=\"elementor-tab-title\" data-tab=\"3\" role=\"button\" aria-controls=\"elementor-tab-content-2623\" aria-expanded=\"false\">\n\t\t\t\t\t\t\t\t\t\t\t\t\t<span class=\"elementor-accordion-icon elementor-accordion-icon-right\" aria-hidden=\"true\">\n\t\t\t\t\t\t\t\t\t\t\t\t\t\t\t<span class=\"elementor-accordion-icon-closed\"><svg xmlns=\"http:\/\/www.w3.org\/2000\/svg\" width=\"23\" height=\"24\" viewbox=\"0 0 23 24\" fill=\"none\"><path d=\"M10.3887 21.9969C10.395 22.2874 10.5148 22.5638 10.7225 22.767C10.9302 22.9702 11.2093 23.084 11.4998 23.084C11.7903 23.084 12.0693 22.9702 12.2769 22.767C12.4846 22.5638 12.6046 22.2874 12.6109 21.9969L12.6109 2.00128C12.6046 1.71081 12.4846 1.43438 12.2769 1.2312C12.0693 1.02801 11.7903 0.914238 11.4998 0.914238C11.2093 0.914238 10.9302 1.02801 10.7225 1.2312C10.5148 1.43438 10.395 1.71081 10.3887 2.00128L10.3887 21.9969Z\" fill=\"#121212\"><\/path><path d=\"M1.5011 10.8887C1.21063 10.895 0.9342 11.0148 0.731019 11.2225C0.527838 11.4302 0.414062 11.7093 0.414062 11.9998C0.414062 12.2903 0.527838 12.5693 0.731019 12.7769C0.9342 12.9846 1.21063 13.1046 1.5011 13.1109H21.4968C21.7872 13.1046 22.0637 12.9846 22.2669 12.7769C22.47 12.5693 22.5838 12.2903 22.5838 11.9998C22.5838 11.7093 22.47 11.4302 22.2669 11.2225C22.0637 11.0148 21.7872 10.895 21.4968 10.8887H1.5011Z\" fill=\"#121212\"><\/path><\/svg><\/span>\n\t\t\t\t\t\t\t\t<span class=\"elementor-accordion-icon-opened\"><svg xmlns=\"http:\/\/www.w3.org\/2000\/svg\" width=\"23\" height=\"4\" viewbox=\"0 0 23 4\" fill=\"none\"><path d=\"M1.5011 0.888672C1.21063 0.895036 0.9342 1.01484 0.731019 1.22252C0.527838 1.4302 0.414062 1.70926 0.414062 1.9998C0.414062 2.29034 0.527838 2.56927 0.731019 2.77695C0.9342 2.98463 1.21063 3.10456 1.5011 3.11093H21.4968C21.7872 3.10456 22.0637 2.98463 22.2669 2.77695C22.47 2.56927 22.5838 2.29034 22.5838 1.9998C22.5838 1.70926 22.47 1.4302 22.2669 1.22252C22.0637 1.01484 21.7872 0.895036 21.4968 0.888672H1.5011Z\" fill=\"#121212\"><\/path><\/svg><\/span>\n\t\t\t\t\t\t\t\t\t\t\t\t\t\t<\/span>\n\t\t\t\t\t\t\t\t\t\t\t\t<a class=\"elementor-accordion-title\" tabindex=\"0\">How can I know more about the recruitment and selection process?<\/a>\n\t\t\t\t\t<\/div>\n\t\t\t\t\t<div id=\"elementor-tab-content-2623\" class=\"elementor-tab-content elementor-clearfix\" data-tab=\"3\" role=\"region\" aria-labelledby=\"elementor-tab-title-2623\"><p>Our process includes searching and evaluating applications, selecting the most suitable candidates for the vacant positions. We provide support every step of the way, including interviews and signing the employment contract.<\/p><\/div>\n\t\t\t\t<\/div>\n\t\t\t\t\t\t\t<div class=\"elementor-accordion-item\">\n\t\t\t\t\t<div id=\"elementor-tab-title-2624\" class=\"elementor-tab-title\" data-tab=\"4\" role=\"button\" aria-controls=\"elementor-tab-content-2624\" aria-expanded=\"false\">\n\t\t\t\t\t\t\t\t\t\t\t\t\t<span class=\"elementor-accordion-icon elementor-accordion-icon-right\" aria-hidden=\"true\">\n\t\t\t\t\t\t\t\t\t\t\t\t\t\t\t<span class=\"elementor-accordion-icon-closed\"><svg xmlns=\"http:\/\/www.w3.org\/2000\/svg\" width=\"23\" height=\"24\" viewbox=\"0 0 23 24\" fill=\"none\"><path d=\"M10.3887 21.9969C10.395 22.2874 10.5148 22.5638 10.7225 22.767C10.9302 22.9702 11.2093 23.084 11.4998 23.084C11.7903 23.084 12.0693 22.9702 12.2769 22.767C12.4846 22.5638 12.6046 22.2874 12.6109 21.9969L12.6109 2.00128C12.6046 1.71081 12.4846 1.43438 12.2769 1.2312C12.0693 1.02801 11.7903 0.914238 11.4998 0.914238C11.2093 0.914238 10.9302 1.02801 10.7225 1.2312C10.5148 1.43438 10.395 1.71081 10.3887 2.00128L10.3887 21.9969Z\" fill=\"#121212\"><\/path><path d=\"M1.5011 10.8887C1.21063 10.895 0.9342 11.0148 0.731019 11.2225C0.527838 11.4302 0.414062 11.7093 0.414062 11.9998C0.414062 12.2903 0.527838 12.5693 0.731019 12.7769C0.9342 12.9846 1.21063 13.1046 1.5011 13.1109H21.4968C21.7872 13.1046 22.0637 12.9846 22.2669 12.7769C22.47 12.5693 22.5838 12.2903 22.5838 11.9998C22.5838 11.7093 22.47 11.4302 22.2669 11.2225C22.0637 11.0148 21.7872 10.895 21.4968 10.8887H1.5011Z\" fill=\"#121212\"><\/path><\/svg><\/span>\n\t\t\t\t\t\t\t\t<span class=\"elementor-accordion-icon-opened\"><svg xmlns=\"http:\/\/www.w3.org\/2000\/svg\" width=\"23\" height=\"4\" viewbox=\"0 0 23 4\" fill=\"none\"><path d=\"M1.5011 0.888672C1.21063 0.895036 0.9342 1.01484 0.731019 1.22252C0.527838 1.4302 0.414062 1.70926 0.414062 1.9998C0.414062 2.29034 0.527838 2.56927 0.731019 2.77695C0.9342 2.98463 1.21063 3.10456 1.5011 3.11093H21.4968C21.7872 3.10456 22.0637 2.98463 22.2669 2.77695C22.47 2.56927 22.5838 2.29034 22.5838 1.9998C22.5838 1.70926 22.47 1.4302 22.2669 1.22252C22.0637 1.01484 21.7872 0.895036 21.4968 0.888672H1.5011Z\" fill=\"#121212\"><\/path><\/svg><\/span>\n\t\t\t\t\t\t\t\t\t\t\t\t\t\t<\/span>\n\t\t\t\t\t\t\t\t\t\t\t\t<a class=\"elementor-accordion-title\" tabindex=\"0\">Do you offer services to employers?<\/a>\n\t\t\t\t\t<\/div>\n\t\t\t\t\t<div id=\"elementor-tab-content-2624\" class=\"elementor-tab-content elementor-clearfix\" data-tab=\"4\" role=\"region\" aria-labelledby=\"elementor-tab-title-2624\"><p>Yes, we offer specialized services to employers that include the selection process, interviews, and securing suitable candidates for their vacant positions.<\/p><\/div>\n\t\t\t\t<\/div>\n\t\t\t\t\t\t\t<div class=\"elementor-accordion-item\">\n\t\t\t\t\t<div id=\"elementor-tab-title-2625\" class=\"elementor-tab-title\" data-tab=\"5\" role=\"button\" aria-controls=\"elementor-tab-content-2625\" aria-expanded=\"false\">\n\t\t\t\t\t\t\t\t\t\t\t\t\t<span class=\"elementor-accordion-icon elementor-accordion-icon-right\" aria-hidden=\"true\">\n\t\t\t\t\t\t\t\t\t\t\t\t\t\t\t<span class=\"elementor-accordion-icon-closed\"><svg xmlns=\"http:\/\/www.w3.org\/2000\/svg\" width=\"23\" height=\"24\" viewbox=\"0 0 23 24\" fill=\"none\"><path d=\"M10.3887 21.9969C10.395 22.2874 10.5148 22.5638 10.7225 22.767C10.9302 22.9702 11.2093 23.084 11.4998 23.084C11.7903 23.084 12.0693 22.9702 12.2769 22.767C12.4846 22.5638 12.6046 22.2874 12.6109 21.9969L12.6109 2.00128C12.6046 1.71081 12.4846 1.43438 12.2769 1.2312C12.0693 1.02801 11.7903 0.914238 11.4998 0.914238C11.2093 0.914238 10.9302 1.02801 10.7225 1.2312C10.5148 1.43438 10.395 1.71081 10.3887 2.00128L10.3887 21.9969Z\" fill=\"#121212\"><\/path><path d=\"M1.5011 10.8887C1.21063 10.895 0.9342 11.0148 0.731019 11.2225C0.527838 11.4302 0.414062 11.7093 0.414062 11.9998C0.414062 12.2903 0.527838 12.5693 0.731019 12.7769C0.9342 12.9846 1.21063 13.1046 1.5011 13.1109H21.4968C21.7872 13.1046 22.0637 12.9846 22.2669 12.7769C22.47 12.5693 22.5838 12.2903 22.5838 11.9998C22.5838 11.7093 22.47 11.4302 22.2669 11.2225C22.0637 11.0148 21.7872 10.895 21.4968 10.8887H1.5011Z\" fill=\"#121212\"><\/path><\/svg><\/span>\n\t\t\t\t\t\t\t\t<span class=\"elementor-accordion-icon-opened\"><svg xmlns=\"http:\/\/www.w3.org\/2000\/svg\" width=\"23\" height=\"4\" viewbox=\"0 0 23 4\" fill=\"none\"><path d=\"M1.5011 0.888672C1.21063 0.895036 0.9342 1.01484 0.731019 1.22252C0.527838 1.4302 0.414062 1.70926 0.414062 1.9998C0.414062 2.29034 0.527838 2.56927 0.731019 2.77695C0.9342 2.98463 1.21063 3.10456 1.5011 3.11093H21.4968C21.7872 3.10456 22.0637 2.98463 22.2669 2.77695C22.47 2.56927 22.5838 2.29034 22.5838 1.9998C22.5838 1.70926 22.47 1.4302 22.2669 1.22252C22.0637 1.01484 21.7872 0.895036 21.4968 0.888672H1.5011Z\" fill=\"#121212\"><\/path><\/svg><\/span>\n\t\t\t\t\t\t\t\t\t\t\t\t\t\t<\/span>\n\t\t\t\t\t\t\t\t\t\t\t\t<a class=\"elementor-accordion-title\" tabindex=\"0\">How can you contact us for more information?<\/a>\n\t\t\t\t\t<\/div>\n\t\t\t\t\t<div id=\"elementor-tab-content-2625\" class=\"elementor-tab-content elementor-clearfix\" data-tab=\"5\" role=\"region\" aria-labelledby=\"elementor-tab-title-2625\"><p>You can call us on our contact number <a href=\"tel:+355698510120\"><span aria-label=\"Call phone number 069 851 0120\">069 851 0120<\/span><\/a>\u00a0 or send us an email at <a href=\"mailto:info@punojashte.com\">info@punojashte.com<\/a> for any questions or requests for additional information. We are here to help you!<\/p><\/div>\n\t\t\t\t<\/div>\n\t\t\t\t\t\t\t\t<\/div>\n\t\t\t\t\t\t<\/div>\n\t\t\t\t<\/div>\n\t\t\t\t\t<\/div>\n\t\t<\/div>\n\t\t\t\t\t<\/div>\n\t\t<\/section>\n\t\t\t\t<\/div>","protected":false},"excerpt":{"rendered":"<p>Frequently Asked Questions We&#039;ve noticed that there are some common questions that you often ask. To facilitate your experience and provide you with a thorough explanation, we have decided to answer on this page some of the most frequently asked questions we receive from our customers. How can I apply for a [\u2026]<\/p>","protected":false},"author":1,"featured_media":0,"parent":0,"menu_order":0,"comment_status":"closed","ping_status":"closed","template":"","meta":{"inline_featured_image":false,"footnotes":""},"class_list":["post-46","page","type-page","status-publish","hentry"],"_links":{"self":[{"href":"https:\/\/punojashte.com\/en\/wp-json\/wp\/v2\/pages\/46","targetHints":{"allow":["GET"]}}],"collection":[{"href":"https:\/\/punojashte.com\/en\/wp-json\/wp\/v2\/pages"}],"about":[{"href":"https:\/\/punojashte.com\/en\/wp-json\/wp\/v2\/types\/page"}],"author":[{"embeddable":true,"href":"https:\/\/punojashte.com\/en\/wp-json\/wp\/v2\/users\/1"}],"replies":[{"embeddable":true,"href":"https:\/\/punojashte.com\/en\/wp-json\/wp\/v2\/comments?post=46"}],"version-history":[{"count":0,"href":"https:\/\/punojashte.com\/en\/wp-json\/wp\/v2\/pages\/46\/revisions"}],"wp:attachment":[{"href":"https:\/\/punojashte.com\/en\/wp-json\/wp\/v2\/media?parent=46"}],"curies":[{"name":"wp","href":"https:\/\/api.w.org\/{rel}","templated":true}]}}